{"id":355,"date":"2020-11-01T19:42:57","date_gmt":"2020-11-01T18:42:57","guid":{"rendered":"https:\/\/www.niederlausitzer-heidemanufaktur.de\/?page_id=355"},"modified":"2020-11-08T14:47:14","modified_gmt":"2020-11-08T13:47:14","slug":"bezahlmoeglichkeiten","status":"publish","type":"page","link":"https:\/\/www.niederlausitzer-heidemanufaktur.de\/?page_id=355","title":{"rendered":"Zahlungsarten"},"content":{"rendered":"\n<ul class=\"wp-block-list\"><li>Zahlungsinformation f\u00fcr Vorkasse Wir pr\u00fcfen Ihren Bestellwunsch auf Verf\u00fcgbarkeit und teilen Ihnen unsere Bankverbindung f\u00fcr die \u00dcberweisung mit.<\/li><\/ul>\n\n\n\n<p><\/p>\n","protected":false},"excerpt":{"rendered":"<p>Zahlungsinformation f\u00fcr Vorkasse Wir pr\u00fcfen Ihren Bestellwunsch auf Verf\u00fcgbarkeit und teilen Ihnen unsere Bankverbindung f\u00fcr die \u00dcberweisung mit.<\/p>\n<p> <a class=\"continue-reading-link\" href=\"https:\/\/www.niederlausitzer-heidemanufaktur.de\/?page_id=355\"><span>Continue reading<\/span><i class=\"crycon-right-dir\"><\/i><\/a> <\/p>\n","protected":false},"author":1,"featured_media":0,"parent":0,"menu_order":0,"comment_status":"closed","ping_status":"closed","template":"","meta":{"footnotes":""},"class_list":["post-355","page","type-page","status-publish","hentry"],"_links":{"self":[{"href":"https:\/\/www.niederlausitzer-heidemanufaktur.de\/index.php?rest_route=\/wp\/v2\/pages\/355","targetHints":{"allow":["GET"]}}],"collection":[{"href":"https:\/\/www.niederlausitzer-heidemanufaktur.de\/index.php?rest_route=\/wp\/v2\/pages"}],"about":[{"href":"https:\/\/www.niederlausitzer-heidemanufaktur.de\/index.php?rest_route=\/wp\/v2\/types\/page"}],"author":[{"embeddable":true,"href":"https:\/\/www.niederlausitzer-heidemanufaktur.de\/index.php?rest_route=\/wp\/v2\/users\/1"}],"replies":[{"embeddable":true,"href":"https:\/\/www.niederlausitzer-heidemanufaktur.de\/index.php?rest_route=%2Fwp%2Fv2%2Fcomments&post=355"}],"version-history":[{"count":3,"href":"https:\/\/www.niederlausitzer-heidemanufaktur.de\/index.php?rest_route=\/wp\/v2\/pages\/355\/revisions"}],"predecessor-version":[{"id":374,"href":"https:\/\/www.niederlausitzer-heidemanufaktur.de\/index.php?rest_route=\/wp\/v2\/pages\/355\/revisions\/374"}],"wp:attachment":[{"href":"https:\/\/www.niederlausitzer-heidemanufaktur.de\/index.php?rest_route=%2Fwp%2Fv2%2Fmedia&parent=355"}],"curies":[{"name":"wp","href":"https:\/\/api.w.org\/{rel}","templated":true}]}}