{"id":70,"date":"2015-10-06T08:33:22","date_gmt":"2015-10-06T06:33:22","guid":{"rendered":"http:\/\/www.niederlausitzer-heidemanufaktur.de\/?page_id=70"},"modified":"2021-06-14T16:46:24","modified_gmt":"2021-06-14T14:46:24","slug":"touristische-angebote","status":"publish","type":"page","link":"https:\/\/www.niederlausitzer-heidemanufaktur.de\/?page_id=70","title":{"rendered":"Touristische Angebote"},"content":{"rendered":"\n<p>Der Naturpark \u201eNiederlausitzer Heidelandschaft\u201c bietet allen, die Natur lieben oder einfach mal \u201eentschleunigen\u201c wollen, vielf\u00e4ltige Erholungsangebote.<\/p>\n\n\n\n<p>Wir sind Brandenburgs gr\u00f6\u00dfte Streuobstwiesenregion und ein Besuch lohnt sich nat\u00fcrlich besonders in der Zeit der Obstbl\u00fcte, wenn der auf einem H\u00fcgel gelegene Ort Hohenleipisch malerisch von tausenden Kirsch-und Apfelbl\u00fcten umrahmt wird.<\/p>\n\n\n\n<figure class=\"wp-block-image\"><img loading=\"lazy\" decoding=\"async\" width=\"662\" height=\"300\" src=\"http:\/\/www.niederlausitzer-heidemanufaktur.de\/wp-content\/uploads\/2015\/10\/NaturparkNiederlausitzerHeidelandschaft_01.jpg\" alt=\"NaturparkNiederlausitzerHeidelandschaft_01\" class=\"wp-image-107\" srcset=\"https:\/\/www.niederlausitzer-heidemanufaktur.de\/wp-content\/uploads\/2015\/10\/NaturparkNiederlausitzerHeidelandschaft_01.jpg 662w, https:\/\/www.niederlausitzer-heidemanufaktur.de\/wp-content\/uploads\/2015\/10\/NaturparkNiederlausitzerHeidelandschaft_01-600x272.jpg 600w, https:\/\/www.niederlausitzer-heidemanufaktur.de\/wp-content\/uploads\/2015\/10\/NaturparkNiederlausitzerHeidelandschaft_01-300x136.jpg 300w, https:\/\/www.niederlausitzer-heidemanufaktur.de\/wp-content\/uploads\/2015\/10\/NaturparkNiederlausitzerHeidelandschaft_01-250x113.jpg 250w, https:\/\/www.niederlausitzer-heidemanufaktur.de\/wp-content\/uploads\/2015\/10\/NaturparkNiederlausitzerHeidelandschaft_01-150x68.jpg 150w\" sizes=\"auto, (max-width: 662px) 100vw, 662px\" \/><\/figure>\n\n\n\n<p>Zum Naturpark geh\u00f6rt auch der \u201eLoben\u201c \u2013 ein Moorgebiet, um das sich Geschichten und Sagen ranken.<\/p>\n\n\n\n<figure class=\"wp-block-image\"><img loading=\"lazy\" decoding=\"async\" width=\"400\" height=\"300\" src=\"http:\/\/www.niederlausitzer-heidemanufaktur.de\/wp-content\/uploads\/2015\/10\/Loben_01.jpg\" alt=\"Loben_01\" class=\"wp-image-112\" srcset=\"https:\/\/www.niederlausitzer-heidemanufaktur.de\/wp-content\/uploads\/2015\/10\/Loben_01.jpg 400w, https:\/\/www.niederlausitzer-heidemanufaktur.de\/wp-content\/uploads\/2015\/10\/Loben_01-300x225.jpg 300w, https:\/\/www.niederlausitzer-heidemanufaktur.de\/wp-content\/uploads\/2015\/10\/Loben_01-200x150.jpg 200w, https:\/\/www.niederlausitzer-heidemanufaktur.de\/wp-content\/uploads\/2015\/10\/Loben_01-150x113.jpg 150w\" sizes=\"auto, (max-width: 400px) 100vw, 400px\" \/><\/figure>\n\n\n\n<p>Geheimnisvoll und von uriger Sch\u00f6nheit!<\/p>\n\n\n\n<p>Und nat\u00fcrlich \u2013 unsere Heide!! Entstanden durch einen ehemaligen NVA-Truppen\u00fcbungsplatz, ist er heute das Markenzeichen des Naturparks.<br>Zur Heidebl\u00fcte, Mitte August bis Anfang September ist er schon l\u00e4ngst kein Geheimtipp mehr.<\/p>\n\n\n\n<p class=\"has-medium-font-size\"><span style=\"color: #008080;\"><em><strong><span style=\"text-decoration: underline;\">Meine touristischen Angebote:<\/span><\/strong><\/em><\/span><\/p>\n\n\n\n<p class=\"has-medium-font-size\"><span style=\"color: #800080;\"><strong>Tolle Bl\u00fcten \u2013 lecker Fr\u00fcchtchen<\/strong><\/span> <\/p>\n\n\n\n<p>Kremsertour durch die bl\u00fchende Streuobstwiese mit Besuch des Pomologischen Schau- und Lehrgartens ;<br>Kleiner Streifzug durch die Welt der Wildfr\u00fcchte mit Verkostung von Produkten der Heidemanufaktur<br>Kaffee und Kuchen<\/p>\n\n\n\n<p>Mindestteilnehmerzahl: 8 Personen<\/p>\n\n\n\n<p class=\"has-medium-font-size\"><span style=\"color: #800080;\"><strong>Zu Besuch bei der Lobenhexe<\/strong><\/span> <\/p>\n\n\n\n<div class=\"wp-block-image\"><figure class=\"aligncenter\"><img loading=\"lazy\" decoding=\"async\" width=\"400\" height=\"421\" src=\"http:\/\/www.niederlausitzer-heidemanufaktur.de\/wp-content\/uploads\/2015\/10\/lobenhexe_02.jpg\" alt=\"lobenhexe_02\" class=\"wp-image-127\" srcset=\"https:\/\/www.niederlausitzer-heidemanufaktur.de\/wp-content\/uploads\/2015\/10\/lobenhexe_02.jpg 400w, https:\/\/www.niederlausitzer-heidemanufaktur.de\/wp-content\/uploads\/2015\/10\/lobenhexe_02-285x300.jpg 285w, https:\/\/www.niederlausitzer-heidemanufaktur.de\/wp-content\/uploads\/2015\/10\/lobenhexe_02-143x150.jpg 143w\" sizes=\"auto, (max-width: 400px) 100vw, 400px\" \/><\/figure><\/div>\n\n\n\n<p>Kremsertour durch den \u201eLoben\u201c mit Besuch der Lobenhexe<br>Wissenswertes \u00fcber allerlei Kr\u00e4utlein und Tinkturen, Sagen und Geschichten rund um den Loben<br>Verkostung von Produkten der Heidemanufaktur<br>Kaffee und Kuchen<\/p>\n\n\n\n<p>Mindestteilnehmerzahl: 8 Personen<\/p>\n\n\n\n<p class=\"has-medium-font-size\"><span style=\"color: #800080;\"><strong>Mit Heidefee und Pferdewagen<\/strong><\/span> <\/p>\n\n\n\n<div class=\"wp-block-image\"><figure class=\"aligncenter\"><img loading=\"lazy\" decoding=\"async\" width=\"400\" height=\"266\" src=\"http:\/\/www.niederlausitzer-heidemanufaktur.de\/wp-content\/uploads\/2015\/10\/heidefee_01.jpg\" alt=\"heidefee_01\" class=\"wp-image-122\" srcset=\"https:\/\/www.niederlausitzer-heidemanufaktur.de\/wp-content\/uploads\/2015\/10\/heidefee_01.jpg 400w, https:\/\/www.niederlausitzer-heidemanufaktur.de\/wp-content\/uploads\/2015\/10\/heidefee_01-300x200.jpg 300w, https:\/\/www.niederlausitzer-heidemanufaktur.de\/wp-content\/uploads\/2015\/10\/heidefee_01-226x150.jpg 226w, https:\/\/www.niederlausitzer-heidemanufaktur.de\/wp-content\/uploads\/2015\/10\/heidefee_01-150x100.jpg 150w\" sizes=\"auto, (max-width: 400px) 100vw, 400px\" \/><\/figure><\/div>\n\n\n\n<p>Kremsertour durch die bl\u00fchende Heide mit Besuch der Heidefee und Verkostung von Produkten der Heidemanufaktur<br>Kaffee und Kuchen<\/p>\n\n\n\n<p>Mindestteilnehmerzahl: 8 Personen<\/p>\n\n\n\n<p class=\"has-medium-font-size\"><span style=\"color: #800080;\"><strong>Gef\u00fchrte Wanderung mit Picknick und Verkostung in der Heidemanufaktur<\/strong><\/span> <\/p>\n\n\n\n<p>Teilnehmerzahl: mind. 4 bis max. 20 Personen<\/p>\n\n\n\n<p class=\"has-medium-font-size\"><span style=\"color: #800080;\"><strong>Heide \u2013 Erlebnis f\u00fcr die Sinne<\/strong><\/span> <\/p>\n\n\n\n<div class=\"wp-block-image\"><figure class=\"aligncenter\"><img loading=\"lazy\" decoding=\"async\" width=\"400\" height=\"271\" src=\"http:\/\/www.niederlausitzer-heidemanufaktur.de\/wp-content\/uploads\/2015\/10\/heidefee_02.jpg\" alt=\"heidefee_02\" class=\"wp-image-125\" srcset=\"https:\/\/www.niederlausitzer-heidemanufaktur.de\/wp-content\/uploads\/2015\/10\/heidefee_02.jpg 400w, https:\/\/www.niederlausitzer-heidemanufaktur.de\/wp-content\/uploads\/2015\/10\/heidefee_02-300x203.jpg 300w, https:\/\/www.niederlausitzer-heidemanufaktur.de\/wp-content\/uploads\/2015\/10\/heidefee_02-221x150.jpg 221w, https:\/\/www.niederlausitzer-heidemanufaktur.de\/wp-content\/uploads\/2015\/10\/heidefee_02-150x102.jpg 150w\" sizes=\"auto, (max-width: 400px) 100vw, 400px\" \/><\/figure><\/div>\n\n\n\n<p>Gef\u00fchrte Wanderung durch die Heide mit Verkostung von Produkten der Heidemanufaktur<\/p>\n\n\n\n<p>Teilnehmerzahl: mind. 4 bis max. 20 Personen<\/p>\n","protected":false},"excerpt":{"rendered":"<p>Der Naturpark \u201eNiederlausitzer Heidelandschaft\u201c bietet allen, die Natur lieben oder einfach mal \u201eentschleunigen\u201c wollen, vielf\u00e4ltige Erholungsangebote. Wir sind Brandenburgs gr\u00f6\u00dfte Streuobstwiesenregion und ein Besuch lohnt sich nat\u00fcrlich besonders in der Zeit der Obstbl\u00fcte, wenn der auf einem H\u00fcgel gelegene Ort Hohenleipisch malerisch von tausenden Kirsch-und Apfelbl\u00fcten umrahmt wird. Zum Naturpark&#8230;<\/p>\n<p> <a class=\"continue-reading-link\" href=\"https:\/\/www.niederlausitzer-heidemanufaktur.de\/?page_id=70\"><span>Continue reading<\/span><i class=\"crycon-right-dir\"><\/i><\/a> <\/p>\n","protected":false},"author":1,"featured_media":0,"parent":0,"menu_order":3,"comment_status":"closed","ping_status":"closed","template":"","meta":{"footnotes":""},"class_list":["post-70","page","type-page","status-publish","hentry"],"_links":{"self":[{"href":"https:\/\/www.niederlausitzer-heidemanufaktur.de\/index.php?rest_route=\/wp\/v2\/pages\/70","targetHints":{"allow":["GET"]}}],"collection":[{"href":"https:\/\/www.niederlausitzer-heidemanufaktur.de\/index.php?rest_route=\/wp\/v2\/pages"}],"about":[{"href":"https:\/\/www.niederlausitzer-heidemanufaktur.de\/index.php?rest_route=\/wp\/v2\/types\/page"}],"author":[{"embeddable":true,"href":"https:\/\/www.niederlausitzer-heidemanufaktur.de\/index.php?rest_route=\/wp\/v2\/users\/1"}],"replies":[{"embeddable":true,"href":"https:\/\/www.niederlausitzer-heidemanufaktur.de\/index.php?rest_route=%2Fwp%2Fv2%2Fcomments&post=70"}],"version-history":[{"count":28,"href":"https:\/\/www.niederlausitzer-heidemanufaktur.de\/index.php?rest_route=\/wp\/v2\/pages\/70\/revisions"}],"predecessor-version":[{"id":412,"href":"https:\/\/www.niederlausitzer-heidemanufaktur.de\/index.php?rest_route=\/wp\/v2\/pages\/70\/revisions\/412"}],"wp:attachment":[{"href":"https:\/\/www.niederlausitzer-heidemanufaktur.de\/index.php?rest_route=%2Fwp%2Fv2%2Fmedia&parent=70"}],"curies":[{"name":"wp","href":"https:\/\/api.w.org\/{rel}","templated":true}]}}