{"id":309,"date":"2020-10-20T14:40:27","date_gmt":"2020-10-20T12:40:27","guid":{"rendered":"https:\/\/www.niederlausitzer-heidemanufaktur.de\/?post_type=product&#038;p=309"},"modified":"2025-12-28T17:04:24","modified_gmt":"2025-12-28T16:04:24","slug":"niederlausitzer-vanille-gewuerzoel-01-l","status":"publish","type":"product","link":"https:\/\/www.niederlausitzer-heidemanufaktur.de\/?product=niederlausitzer-vanille-gewuerzoel-01-l","title":{"rendered":"Niederlausitzer Vanille-Gew\u00fcrz\u00f6l 0,1 L"},"content":{"rendered":"<p>N\u00e4hrwertangaben auf 100 ml:<\/p>\n<p>Energie:\u00a0 \u00a0 \u00a0 \u00a0 \u00a0 \u00a03404 kJ\/828 kcal<\/p>\n<p>Fett:\u00a0 \u00a0 \u00a0 \u00a0 \u00a0 \u00a0 \u00a0 \u00a0 \u00a0 \u00a092 g\u00a0 \u00a0davon ges\u00e4ttigte Fetts\u00e4uren: 7,4 g<\/p>\n<p>Kohlenhydrate:\u00a0 \u00a00 g<\/p>\n<p>Eiwei\u00df:\u00a0 \u00a0 \u00a0 \u00a0 \u00a0 \u00a0 \u00a0 \u00a00 g<\/p>\n<p>Ballaststoffe:\u00a0 \u00a0 \u00a0 0 g<\/p>\n<p>Salz:\u00a0 \u00a0 \u00a0 \u00a0 \u00a0 \u00a0 \u00a0 \u00a0 \u00a0 \u00a00 g<\/p>\n<p>&nbsp;<\/p>\n<p>&nbsp;<\/p>\n<p>&nbsp;<\/p>\n","protected":false},"excerpt":{"rendered":"<p>Die nussige Note des Raps\u00f6les harmoniert bestens mit echter Vanille!<\/p>\n<p>Nicht nur f\u00fcr S\u00fc\u00dfspeisen hervorragend geeignet. Probieren Sie einmal Fisch oder Meeresfr\u00fcchte mit einem Hauch diese \u00d6les zu verfeinern &#8211; ein echtes Highlight!<\/p>\n<p>Zutaten: Bio-Raps\u00f6l kaltgepresst, echte Vanille (5%)<\/p>\n<p> <a class=\"continue-reading-link\" href=\"https:\/\/www.niederlausitzer-heidemanufaktur.de\/?product=niederlausitzer-vanille-gewuerzoel-01-l\"><span>Continue reading<\/span><i class=\"crycon-right-dir\"><\/i><\/a> <\/p>\n","protected":false},"featured_media":333,"comment_status":"closed","ping_status":"closed","template":"","meta":[],"product_brand":[],"product_cat":[19],"product_tag":[],"class_list":{"0":"post-309","1":"product","2":"type-product","3":"status-publish","4":"has-post-thumbnail","6":"product_cat-gewuerz-oele","8":"first","9":"instock","10":"taxable","11":"shipping-taxable","12":"purchasable","13":"product-type-simple"},"_links":{"self":[{"href":"https:\/\/www.niederlausitzer-heidemanufaktur.de\/index.php?rest_route=\/wp\/v2\/product\/309","targetHints":{"allow":["GET"]}}],"collection":[{"href":"https:\/\/www.niederlausitzer-heidemanufaktur.de\/index.php?rest_route=\/wp\/v2\/product"}],"about":[{"href":"https:\/\/www.niederlausitzer-heidemanufaktur.de\/index.php?rest_route=\/wp\/v2\/types\/product"}],"replies":[{"embeddable":true,"href":"https:\/\/www.niederlausitzer-heidemanufaktur.de\/index.php?rest_route=%2Fwp%2Fv2%2Fcomments&post=309"}],"wp:featuredmedia":[{"embeddable":true,"href":"https:\/\/www.niederlausitzer-heidemanufaktur.de\/index.php?rest_route=\/wp\/v2\/media\/333"}],"wp:attachment":[{"href":"https:\/\/www.niederlausitzer-heidemanufaktur.de\/index.php?rest_route=%2Fwp%2Fv2%2Fmedia&parent=309"}],"wp:term":[{"taxonomy":"product_brand","embeddable":true,"href":"https:\/\/www.niederlausitzer-heidemanufaktur.de\/index.php?rest_route=%2Fwp%2Fv2%2Fproduct_brand&post=309"},{"taxonomy":"product_cat","embeddable":true,"href":"https:\/\/www.niederlausitzer-heidemanufaktur.de\/index.php?rest_route=%2Fwp%2Fv2%2Fproduct_cat&post=309"},{"taxonomy":"product_tag","embeddable":true,"href":"https:\/\/www.niederlausitzer-heidemanufaktur.de\/index.php?rest_route=%2Fwp%2Fv2%2Fproduct_tag&post=309"}],"curies":[{"name":"wp","href":"https:\/\/api.w.org\/{rel}","templated":true}]}}